{"id":768,"date":"2025-09-12T16:42:56","date_gmt":"2025-09-12T19:42:56","guid":{"rendered":"https:\/\/ledesmanat.com.ar\/?post_type=product&#038;p=768"},"modified":"2025-09-16T20:44:00","modified_gmt":"2025-09-16T23:44:00","slug":"cuaderno-con-espiral-tapa-flexible-22x29cm","status":"publish","type":"product","link":"https:\/\/ledesmanat.com.ar\/es\/producto\/cuaderno-con-espiral-tapa-flexible-22x29cm\/","title":{"rendered":"Cuaderno tapa flexible 22&#215;29"},"content":{"rendered":"<p>Cuaderno con espiral (3 dise\u00f1os) Ledesma Nat. Su tapa y contratapa flexible es de Cartulina de ca\u00f1a de az\u00facar, sin blanqueadores qu\u00edmicos. <\/p>\n","protected":false},"excerpt":{"rendered":"<p>Cuaderno con espiral (3 dise\u00f1os) Ledesma Nat. Su tapa y contratapa flexible es de Cartulina de ca\u00f1a de az\u00facar, sin blanqueadores qu\u00edmicos.<\/p>\n","protected":false},"featured_media":25833836,"template":"","meta":{"_et_pb_use_builder":"","_et_pb_old_content":"","_et_gb_content_width":"","_links_to":"","_links_to_target":""},"product_brand":[31],"product_cat":[28],"product_tag":[],"class_list":{"0":"post-768","1":"product","2":"type-product","3":"status-publish","4":"has-post-thumbnail","6":"product_brand-ledesma-nat","7":"product_cat-cuadernos","9":"first","10":"instock","11":"shipping-taxable","12":"product-type-simple"},"_links":{"self":[{"href":"https:\/\/ledesmanat.com.ar\/es\/wp-json\/wp\/v2\/product\/768","targetHints":{"allow":["GET"]}}],"collection":[{"href":"https:\/\/ledesmanat.com.ar\/es\/wp-json\/wp\/v2\/product"}],"about":[{"href":"https:\/\/ledesmanat.com.ar\/es\/wp-json\/wp\/v2\/types\/product"}],"wp:featuredmedia":[{"embeddable":true,"href":"https:\/\/ledesmanat.com.ar\/es\/wp-json\/wp\/v2\/media\/25833836"}],"wp:attachment":[{"href":"https:\/\/ledesmanat.com.ar\/es\/wp-json\/wp\/v2\/media?parent=768"}],"wp:term":[{"taxonomy":"product_brand","embeddable":true,"href":"https:\/\/ledesmanat.com.ar\/es\/wp-json\/wp\/v2\/product_brand?post=768"},{"taxonomy":"product_cat","embeddable":true,"href":"https:\/\/ledesmanat.com.ar\/es\/wp-json\/wp\/v2\/product_cat?post=768"},{"taxonomy":"product_tag","embeddable":true,"href":"https:\/\/ledesmanat.com.ar\/es\/wp-json\/wp\/v2\/product_tag?post=768"}],"curies":[{"name":"wp","href":"https:\/\/api.w.org\/{rel}","templated":true}]}}